{"id":628,"date":"2009-05-06T11:43:24","date_gmt":"2009-05-06T16:43:24","guid":{"rendered":"http:\/\/wpzoom.com\/zenko\/demo\/?page_id=3"},"modified":"2026-02-15T08:42:04","modified_gmt":"2026-02-15T07:42:04","slug":"contact","status":"publish","type":"page","link":"https:\/\/www.switchclubreims.fr\/index.php\/contact\/","title":{"rendered":"Contact"},"content":{"rendered":"\n<div style=\"height:156px\" aria-hidden=\"true\" class=\"wp-block-spacer\"><\/div>\n\n\n\n<div class=\"wp-block-group has-global-padding is-layout-constrained wp-block-group-is-layout-constrained\">\n<div class=\"wp-block-columns are-vertically-aligned-top is-layout-flex wp-container-core-columns-is-layout-d7d455e7 wp-block-columns-is-layout-flex\" style=\"padding-top:0;padding-right:0;padding-bottom:0;padding-left:0\">\n<div class=\"wp-block-column is-vertically-aligned-top is-layout-flow wp-block-column-is-layout-flow\" style=\"padding-right:7%;flex-basis:50%\">\n<h2 class=\"wp-block-heading has-large-font-size\">Envie de prendre un cour ?<\/h2>\n\n\n\n<p>Toutes les inscriptions se font via <a href=\"https:\/\/www.helloasso.com\/associations\/switch-club-reims\" title=\"Helloasso\">Helloasso<\/a>.<\/p>\n\n\n\n<p>Si vous avez des questions n\u2019h\u00e9sitez pas \u00e0 revenir vers nous!<\/p>\n\n\n\n<p><br><\/p>\n<\/div>\n\n\n\n<div class=\"wp-block-column is-vertically-aligned-top is-layout-flow wp-block-column-is-layout-flow\" style=\"flex-basis:50%\"><style>#wpzf-6830 + .notice { margin-top: 20px; padding: 15px; border-radius: 4px; }#wpzf-6830 + .notice.success { background-color: #e7f7ed; color: #227045; border-left: 4px solid #46b450; }#wpzf-6830 + .notice.error { background-color: #fde8e8; color: #8a1f11; border-left: 4px solid #cc0000; }#wpzf-6830 + .notice p { margin: 0; }<\/style><!-- ZOOM Forms Start -->\n\t\t\t<form id=\"wpzf-6830\" method=\"post\" action=\"https:\/\/www.switchclubreims.fr\/wp-admin\/admin-post.php\" class=\"wpzoom-forms_form\">\n\t\t\t<input type=\"hidden\" name=\"action\" value=\"wpzf_submit\" \/>\n\t\t\t<input type=\"hidden\" name=\"form_id\" value=\"6830\" \/>\n\t\t\t<input type=\"hidden\" id=\"_wpnonce\" name=\"_wpnonce\" value=\"778f38649e\" \/><input type=\"hidden\" name=\"_wp_http_referer\" value=\"\/index.php\/wp-json\/wp\/v2\/pages\/628\" \/>\n\t\t\t\n<div class=\"wp-block-wpzoom-forms-form\">\n<div class=\"wp-block-group is-layout-flow wp-block-group-is-layout-flow\">\n<div class=\"wp-block-columns is-layout-flex wp-container-core-columns-is-layout-28f84493 wp-block-columns-is-layout-flex\">\n<div class=\"wp-block-column is-layout-flow wp-block-column-is-layout-flow\" style=\"flex-basis:100%\">\n<label for=\"input_name\"><label for=\"input_name\">Nom<\/label><sup class=\"wp-block-wpzoom-forms-required\">*<\/sup><\/label><input type=\"text\" name=\"wpzf_input_name\" id=\"input_name\" placeholder=\"\" required class=\"wp-block-wpzoom-forms-text-name-field fullwidth\"\/>\n\n\n\n<label for=\"input_email\"><label for=\"input_email\">Email<\/label><sup class=\"wp-block-wpzoom-forms-required\">*<\/sup><\/label><input type=\"email\" name=\"wpzf_input_email\" id=\"input_email\" placeholder=\"\" required data-replyto=\"true\" class=\"wp-block-wpzoom-forms-text-email-field fullwidth\"\/>\n\n\n\n<label for=\"input_subject\"><label for=\"input_subject\">Sujet<\/label><sup class=\"wp-block-wpzoom-forms-required\">*<\/sup><\/label><input type=\"text\" name=\"wpzf_input_subject\" id=\"input_subject\" placeholder=\"\" required data-subject=\"true\" class=\"wp-block-wpzoom-forms-text-plain-field fullwidth\"\/>\n\n\n\n<label for=\"input_message\"><label for=\"input_message\">Message<\/label><sup class=\"wp-block-wpzoom-forms-required\">*<\/sup><\/label><textarea name=\"wpzf_input_message\" id=\"input_message\" cols=\"55\" rows=\"10\" placeholder=\"\" required class=\"wp-block-wpzoom-forms-textarea-field fullwidth\"><\/textarea>\n<\/div>\n<\/div>\n\n\n\n<div class=\"wp-block-columns is-layout-flex wp-container-core-columns-is-layout-28f84493 wp-block-columns-is-layout-flex\">\n<div class=\"wp-block-column is-layout-flow wp-block-column-is-layout-flow\" style=\"flex-basis:30%\">\n<input type=\"submit\" id=\"input_submit\" value=\"Envoyer\" class=\"wp-block-wpzoom-forms-submit-field\"\/>\n<\/div>\n\n\n\n<div class=\"wp-block-column is-layout-flow wp-block-column-is-layout-flow\" style=\"flex-basis:70%\">\n<p class=\"has-text-align-right\" style=\"font-size:clamp(14px, 0.875rem + ((1vw - 3.2px) * 0.177), 16px);px\"> <strong class=\"has-accent-color has-text-color\">*<\/strong> Champs obligatoires.<\/p>\n<\/div>\n<\/div>\n<\/div>\n<\/div>\n\n\t\t\t<input type=\"hidden\" name=\"wpzf_replyto\" value=\"wpzf_input_email\" \/><input type=\"hidden\" name=\"wpzf_subject\" value=\"wpzf_input_subject\" \/><\/form>\n\t\t\t\n\t\t\t<!-- ZOOM Forms End --><\/div>\n<\/div>\n\n\n\n<div style=\"height:135px\" aria-hidden=\"true\" class=\"wp-block-spacer\"><\/div>\n<\/div>\n\n\n\n<div class=\"wp-block-group alignfull has-global-padding is-layout-constrained wp-container-core-group-is-layout-19e250f3 wp-block-group-is-layout-constrained\">\n<div class=\"wp-block-columns alignfull are-vertically-aligned-center has-light-background-background-color has-background is-layout-flex wp-container-core-columns-is-layout-dd282781 wp-block-columns-is-layout-flex\" style=\"padding-top:0;padding-right:0;padding-bottom:0;padding-left:0\">\n<div class=\"wp-block-column is-vertically-aligned-center map-grayscale is-layout-flow wp-block-column-is-layout-flow\" style=\"flex-basis:50%\"><\/div>\n\n\n\n<div class=\"wp-block-column is-vertically-aligned-center is-layout-flow wp-block-column-is-layout-flow\" style=\"padding-top:var(--wp--preset--spacing--small);padding-right:var(--wp--preset--spacing--small);padding-bottom:var(--wp--preset--spacing--small);padding-left:2%;flex-basis:50%\">\n<h3 class=\"wp-block-heading has-large-font-size\">Le skatepark<\/h3>\n\n\n\n<p><\/p>\n\n\n\n<h3 class=\"wp-block-heading\"><strong>Adresse<\/strong><\/h3>\n\n\n\n<p>74 rue du docteur Lemoine 51100 Reims<\/p>\n\n\n\n<h3 class=\"wp-block-heading\"><strong>Email<\/strong><\/h3>\n\n\n\n<p>switchclubreims@gmail.com<\/p>\n\n\n\n<h3 class=\"wp-block-heading\">T\u00e9l\u00e9phone<\/h3>\n\n\n\n<p>0671164980<\/p>\n<\/div>\n<\/div>\n<\/div>\n\n\n\n<div class=\"wp-block-group alignfull has-global-padding is-layout-constrained wp-block-group-is-layout-constrained\">\n<div class=\"wp-block-group is-layout-flow wp-block-group-is-layout-flow\">\n<div style=\"height:52px\" aria-hidden=\"true\" class=\"wp-block-spacer\"><\/div>\n<\/div>\n<\/div>\n\n\n\n<div class=\"wp-block-group has-global-padding is-layout-constrained wp-block-group-is-layout-constrained\">\n<div style=\"height:33px\" aria-hidden=\"true\" class=\"wp-block-spacer\"><\/div>\n\n\n\n<div style=\"height:45px\" aria-hidden=\"true\" class=\"wp-block-spacer\"><\/div>\n<\/div>\n","protected":false},"excerpt":{"rendered":"<p>Envie de prendre un cour ? Toutes les inscriptions se font via Helloasso. Si vous avez des questions n\u2019h\u00e9sitez pas \u00e0 revenir vers nous! Le skatepark Adresse 74 rue du docteur Lemoine 51100 Reims Email switchclubreims@gmail.com T\u00e9l\u00e9phone 0671164980<\/p>\n","protected":false},"author":1,"featured_media":0,"parent":0,"menu_order":0,"comment_status":"closed","ping_status":"closed","template":"page-templates\/no-title.php","meta":{"om_disable_all_campaigns":false,"_monsterinsights_skip_tracking":false,"_monsterinsights_sitenote_active":false,"_monsterinsights_sitenote_note":"","_monsterinsights_sitenote_category":0,"inspiro_hide_title":false,"footnotes":""},"class_list":["post-628","page","type-page","status-publish","hentry"],"aioseo_notices":[],"featured_media_urls":[],"_links":{"self":[{"href":"https:\/\/www.switchclubreims.fr\/index.php\/wp-json\/wp\/v2\/pages\/628","targetHints":{"allow":["GET"]}}],"collection":[{"href":"https:\/\/www.switchclubreims.fr\/index.php\/wp-json\/wp\/v2\/pages"}],"about":[{"href":"https:\/\/www.switchclubreims.fr\/index.php\/wp-json\/wp\/v2\/types\/page"}],"author":[{"embeddable":true,"href":"https:\/\/www.switchclubreims.fr\/index.php\/wp-json\/wp\/v2\/users\/1"}],"replies":[{"embeddable":true,"href":"https:\/\/www.switchclubreims.fr\/index.php\/wp-json\/wp\/v2\/comments?post=628"}],"version-history":[{"count":5,"href":"https:\/\/www.switchclubreims.fr\/index.php\/wp-json\/wp\/v2\/pages\/628\/revisions"}],"predecessor-version":[{"id":7294,"href":"https:\/\/www.switchclubreims.fr\/index.php\/wp-json\/wp\/v2\/pages\/628\/revisions\/7294"}],"wp:attachment":[{"href":"https:\/\/www.switchclubreims.fr\/index.php\/wp-json\/wp\/v2\/media?parent=628"}],"curies":[{"name":"wp","href":"https:\/\/api.w.org\/{rel}","templated":true}]}}