{"id":6922,"date":"2023-11-19T10:39:22","date_gmt":"2023-11-19T10:39:22","guid":{"rendered":"http:\/\/demo.wpzoom.com\/inspiro-lite-blocks-xml\/?page_id=6922"},"modified":"2026-02-15T05:01:25","modified_gmt":"2026-02-15T04:01:25","slug":"homepage","status":"publish","type":"page","link":"https:\/\/www.switchclubreims.fr\/","title":{"rendered":"Homepage"},"content":{"rendered":"\n<div class=\"wp-block-cover alignfull\" style=\"min-height:100vh;aspect-ratio:unset;\"><img fetchpriority=\"high\" decoding=\"async\" width=\"2000\" height=\"1500\" class=\"wp-block-cover__image-background wp-image-6993 size-full\" alt=\"\" src=\"https:\/\/www.switchclubreims.fr\/wp-content\/uploads\/2025\/10\/Switch-Club-Reims.png\" style=\"object-position:75% 26%\" data-object-fit=\"cover\" data-object-position=\"75% 26%\" srcset=\"https:\/\/www.switchclubreims.fr\/wp-content\/uploads\/2025\/10\/Switch-Club-Reims.png 2000w, https:\/\/www.switchclubreims.fr\/wp-content\/uploads\/2025\/10\/Switch-Club-Reims-300x225.png 300w, https:\/\/www.switchclubreims.fr\/wp-content\/uploads\/2025\/10\/Switch-Club-Reims-1024x768.png 1024w, https:\/\/www.switchclubreims.fr\/wp-content\/uploads\/2025\/10\/Switch-Club-Reims-1536x1152.png 1536w, https:\/\/www.switchclubreims.fr\/wp-content\/uploads\/2025\/10\/Switch-Club-Reims-600x450.png 600w, https:\/\/www.switchclubreims.fr\/wp-content\/uploads\/2025\/10\/Switch-Club-Reims-1200x900.png 1200w\" sizes=\"(max-width: 2000px) 100vw, 2000px\" \/><span aria-hidden=\"true\" class=\"wp-block-cover__background has-background-dim-30 has-background-dim\" style=\"background-color:#a12918\"><\/span><div class=\"wp-block-cover__inner-container has-global-padding is-layout-constrained wp-block-cover-is-layout-constrained\">\n<h1 class=\"wp-block-heading has-text-align-center has-background-color has-text-color\" style=\"margin-top:-14px;padding-top:38px;padding-right:45px;padding-bottom:38px;padding-left:45px;font-size:clamp(50.171px, 3.136rem + ((1vw - 3.2px) * 4.41), 100px);line-height:1.1\"><strong>Switch Club Reims<\/strong><\/h1>\n\n\n\n<h2 class=\"wp-block-heading has-text-align-center has-max-36-font-size\" style=\"margin-top:0;margin-right:0;margin-bottom:0;margin-left:0;padding-top:0;padding-right:19px;padding-bottom:0;padding-left:19px;line-height:1.4\"><strong>D\u00e9couvrir le skate \ud83d\udef9 dans la joie, la bonne humeur et avec des profs dipl\u00f4m\u00e9s\ud83d\udc68\u200d\ud83c\udf93<\/strong><\/h2>\n\n\n\n<h3 class=\"wp-block-heading has-text-align-center has-white-color has-text-color\" style=\"padding-top:var(--wp--preset--spacing--small);font-size:clamp(17.905px, 1.119rem + ((1vw - 3.2px) * 0.893), 28px);\">Cours \u2022 Stage \u2022 Sorties <\/h3>\n\n\n\n<div class=\"wp-block-buttons is-content-justification-center is-layout-flex wp-container-core-buttons-is-layout-a89b3969 wp-block-buttons-is-layout-flex\">\n<div class=\"wp-block-button is-style-outline is-style-outline--1\"><a class=\"wp-block-button__link has-secondary-color has-background-background-color has-text-color has-background has-medium-font-size has-custom-font-size wp-element-button\" href=\"http:\/\/www.helloasso.com\/associations\/switch-club-reims\" style=\"border-width:4px;border-top-left-radius:72px;border-top-right-radius:72px;border-bottom-left-radius:72px;border-bottom-right-radius:72px;padding-top:var(--wp--preset--spacing--x-small);padding-right:var(--wp--preset--spacing--medium);padding-bottom:var(--wp--preset--spacing--x-small);padding-left:var(--wp--preset--spacing--medium);font-style:normal;font-weight:700\" target=\"_blank\" rel=\"noreferrer noopener\">Tarifs et inscriptions \u2192<\/a><\/div>\n<\/div>\n<\/div><\/div>\n\n\n\n<div class=\"wp-block-group has-global-padding is-layout-constrained wp-container-core-group-is-layout-3a820303 wp-block-group-is-layout-constrained\" style=\"padding-right:var(--wp--preset--spacing--small);padding-left:var(--wp--preset--spacing--small)\">\n<div style=\"height:36px\" aria-hidden=\"true\" class=\"wp-block-spacer\"><\/div>\n\n\n\n<h4 class=\"wp-block-heading has-text-align-center\" style=\"font-size:clamp(29.303px, 1.831rem + ((1vw - 3.2px) * 1.92), 51px);letter-spacing:1px;text-transform:none\">Du skateboard \u00e0 Reims<\/h4>\n\n\n\n<div style=\"height:24px\" aria-hidden=\"true\" class=\"wp-block-spacer\"><\/div>\n\n\n\n<p class=\"has-text-align-center\">Le switch club est une association qui oeuvre dans le but de promouvoir les cultures urbaines en v\u00e9hiculant et en transcendant les valeurs et les modes de vie qui leur sont li\u00e9es. Cr\u00e9\u00e9e par une \u00e9quipe de passionn\u00e9s, l\u2019association jouit d\u2019une renomm\u00e9e et d\u2019une expertise incontestable dans le milieu des sports de glisse dans le Grand Est.<\/p>\n\n\n\n<div style=\"height:57px\" aria-hidden=\"true\" class=\"wp-block-spacer\"><\/div>\n<\/div>\n\n\n\n<div id=\"team\" class=\"wp-block-group has-global-padding is-layout-constrained wp-container-core-group-is-layout-3a820303 wp-block-group-is-layout-constrained\" style=\"padding-right:var(--wp--preset--spacing--small);padding-left:var(--wp--preset--spacing--small)\">\n<div class=\"wp-block-group is-layout-flow wp-block-group-is-layout-flow\">\n<p class=\"has-text-align-center has-secondary-color has-text-color has-link-color wp-elements-8f4cc48c97fb2404e2fa607a8152ed5a\">VENEZ NOUS RENCONTRER<\/p>\n\n\n\n<h2 class=\"wp-block-heading has-text-align-center has-primary-color has-text-color has-link-color wp-elements-e9452127539a174e007d2579adb80741\" style=\"font-size:clamp(31.152px, 1.947rem + ((1vw - 3.2px) * 2.11), 55px);\">Notre \u00c9quipe<\/h2>\n\n\n\n<div style=\"height:27px\" aria-hidden=\"true\" class=\"wp-block-spacer\"><\/div>\n\n\n\n<div style=\"height:0px\" aria-hidden=\"true\" class=\"wp-block-spacer\"><\/div>\n\n\n\n<div class=\"wp-block-group has-global-padding is-layout-constrained wp-block-group-is-layout-constrained\">\n<div class=\"wp-block-columns is-layout-flex wp-container-core-columns-is-layout-28f84493 wp-block-columns-is-layout-flex\">\n<div class=\"wp-block-column is-layout-flow wp-block-column-is-layout-flow\" style=\"border-top-left-radius:0px;border-top-right-radius:0px;border-bottom-left-radius:0px;border-bottom-right-radius:0px\">\n<div class=\"wp-block-media-text is-stacked-on-mobile has-white-color has-primary-background-color has-text-color has-background has-link-color wp-elements-450206d107436c66c8016e4ad7f72b16\" style=\"border-top-left-radius:0px;border-top-right-radius:0px;border-bottom-left-radius:0px;border-bottom-right-radius:0px;grid-template-columns:39% auto\"><figure class=\"wp-block-media-text__media\"><img decoding=\"async\" width=\"682\" height=\"1024\" src=\"https:\/\/www.switchclubreims.fr\/wp-content\/uploads\/2024\/01\/Switch-club-sacha-682x1024.jpg\" alt=\"\" class=\"wp-image-6978 size-full\" srcset=\"https:\/\/www.switchclubreims.fr\/wp-content\/uploads\/2024\/01\/Switch-club-sacha-682x1024.jpg 682w, https:\/\/www.switchclubreims.fr\/wp-content\/uploads\/2024\/01\/Switch-club-sacha-200x300.jpg 200w, https:\/\/www.switchclubreims.fr\/wp-content\/uploads\/2024\/01\/Switch-club-sacha.jpg 800w\" sizes=\"(max-width: 682px) 100vw, 682px\" \/><\/figure><div class=\"wp-block-media-text__content\">\n<p class=\"has-text-align-left\">Sacha, Moniteur<\/p>\n<\/div><\/div>\n<\/div>\n\n\n\n<div class=\"wp-block-column is-layout-flow wp-block-column-is-layout-flow\">\n<div class=\"wp-block-media-text is-stacked-on-mobile has-white-color has-primary-background-color has-text-color has-background has-link-color wp-elements-2e8fa413efff7a8f7bb4724a778efc65\"><figure class=\"wp-block-media-text__media\"><img decoding=\"async\" width=\"681\" height=\"790\" src=\"https:\/\/www.switchclubreims.fr\/wp-content\/uploads\/2026\/01\/Screenshot-2026-01-05-at-18-43-05-Instagram-e1767635849396.png\" alt=\"\" class=\"wp-image-7072 size-full\" srcset=\"https:\/\/www.switchclubreims.fr\/wp-content\/uploads\/2026\/01\/Screenshot-2026-01-05-at-18-43-05-Instagram-e1767635849396.png 681w, https:\/\/www.switchclubreims.fr\/wp-content\/uploads\/2026\/01\/Screenshot-2026-01-05-at-18-43-05-Instagram-e1767635849396-259x300.png 259w, https:\/\/www.switchclubreims.fr\/wp-content\/uploads\/2026\/01\/Screenshot-2026-01-05-at-18-43-05-Instagram-e1767635849396-600x696.png 600w\" sizes=\"(max-width: 681px) 100vw, 681px\" \/><\/figure><div class=\"wp-block-media-text__content\">\n<p>Th\u00e9o, Moniteur<\/p>\n<\/div><\/div>\n<\/div>\n<\/div>\n<\/div>\n\n\n\n<div class=\"wp-block-columns is-layout-flex wp-container-core-columns-is-layout-28f84493 wp-block-columns-is-layout-flex\">\n<div class=\"wp-block-column is-layout-flow wp-block-column-is-layout-flow\">\n<div class=\"wp-block-media-text is-stacked-on-mobile has-white-color has-primary-background-color has-text-color has-background has-link-color wp-elements-c0ae6aa41904803beca2332c955d4645\" style=\"grid-template-columns:60% auto\"><figure class=\"wp-block-media-text__media\"><img loading=\"lazy\" decoding=\"async\" width=\"781\" height=\"816\" src=\"https:\/\/www.switchclubreims.fr\/wp-content\/uploads\/2026\/01\/Screenshot-2026-01-05-at-18-44-20-Instagram.png\" alt=\"\" class=\"wp-image-7071 size-full\" srcset=\"https:\/\/www.switchclubreims.fr\/wp-content\/uploads\/2026\/01\/Screenshot-2026-01-05-at-18-44-20-Instagram.png 781w, https:\/\/www.switchclubreims.fr\/wp-content\/uploads\/2026\/01\/Screenshot-2026-01-05-at-18-44-20-Instagram-287x300.png 287w\" sizes=\"(max-width: 781px) 100vw, 781px\" \/><\/figure><div class=\"wp-block-media-text__content\">\n<p>Aurel, Pr\u00e9sident<\/p>\n<\/div><\/div>\n<\/div>\n\n\n\n<div class=\"wp-block-column is-layout-flow wp-block-column-is-layout-flow\">\n<div class=\"wp-block-media-text is-stacked-on-mobile has-white-color has-primary-background-color has-text-color has-background has-link-color wp-elements-5b724f6e6cd369c5c951fbdd569c3c93\" style=\"grid-template-columns:53% auto\"><figure class=\"wp-block-media-text__media\"><img loading=\"lazy\" decoding=\"async\" width=\"675\" height=\"792\" src=\"https:\/\/www.switchclubreims.fr\/wp-content\/uploads\/2026\/01\/Screenshot-2026-01-05-at-18-45-34-Instagram.png\" alt=\"\" class=\"wp-image-7070 size-full\" srcset=\"https:\/\/www.switchclubreims.fr\/wp-content\/uploads\/2026\/01\/Screenshot-2026-01-05-at-18-45-34-Instagram.png 675w, https:\/\/www.switchclubreims.fr\/wp-content\/uploads\/2026\/01\/Screenshot-2026-01-05-at-18-45-34-Instagram-256x300.png 256w\" sizes=\"(max-width: 675px) 100vw, 675px\" \/><\/figure><div class=\"wp-block-media-text__content\">\n<p>Matt, Service Civique<\/p>\n<\/div><\/div>\n<\/div>\n\n\n\n<div class=\"wp-block-column is-layout-flow wp-block-column-is-layout-flow\">\n<div class=\"wp-block-media-text is-stacked-on-mobile has-white-color has-primary-background-color has-text-color has-background has-link-color wp-elements-eeeedc9a14421cb02b5e003ba05b0a46\" style=\"padding-top:0;padding-bottom:0;grid-template-columns:46% auto\"><figure class=\"wp-block-media-text__media\"><img loading=\"lazy\" decoding=\"async\" width=\"755\" height=\"1024\" src=\"https:\/\/www.switchclubreims.fr\/wp-content\/uploads\/2026\/01\/P1110624-755x1024.png\" alt=\"\" class=\"wp-image-7074 size-full\" srcset=\"https:\/\/www.switchclubreims.fr\/wp-content\/uploads\/2026\/01\/P1110624-755x1024.png 755w, https:\/\/www.switchclubreims.fr\/wp-content\/uploads\/2026\/01\/P1110624-221x300.png 221w, https:\/\/www.switchclubreims.fr\/wp-content\/uploads\/2026\/01\/P1110624-2000x2713.png 2000w, https:\/\/www.switchclubreims.fr\/wp-content\/uploads\/2026\/01\/P1110624-scaled.png 1887w\" sizes=\"(max-width: 755px) 100vw, 755px\" \/><\/figure><div class=\"wp-block-media-text__content\">\n<p>Nolan, Moniteur<\/p>\n<\/div><\/div>\n<\/div>\n<\/div>\n<\/div>\n<\/div>\n\n\n\n<p class=\"has-text-align-center\">Ainsi que tout les b\u00e9n\u00e9voles qui permettent au club de vivre et de se d\u00e9velopper ! Merci \u00e0 vous !<\/p>\n\n\n\n<div style=\"height:100px\" aria-hidden=\"true\" class=\"wp-block-spacer\"><\/div>\n\n\n\n<p><\/p>\n","protected":false},"excerpt":{"rendered":"<p>Du skateboard \u00e0 Reims Le switch club est une association qui oeuvre dans le but de promouvoir les cultures urbaines en v\u00e9hiculant et en transcendant les valeurs et les modes de vie qui leur sont li\u00e9es. Cr\u00e9\u00e9e par une \u00e9quipe de passionn\u00e9s, l\u2019association jouit d\u2019une renomm\u00e9e et d\u2019une expertise incontestable dans le milieu des sports &hellip; <\/p>\n<p class=\"link-more\"><a href=\"https:\/\/www.switchclubreims.fr\/\" class=\"more-link\">Lire la suite de<span class=\"screen-reader-text\">\u00ab\u00a0Homepage\u00a0\u00bb<\/span><\/a><\/p>\n","protected":false},"author":1,"featured_media":0,"parent":0,"menu_order":0,"comment_status":"closed","ping_status":"closed","template":"page-templates\/homepage-no-hero.php","meta":{"om_disable_all_campaigns":false,"_monsterinsights_skip_tracking":false,"_monsterinsights_sitenote_active":false,"_monsterinsights_sitenote_note":"","_monsterinsights_sitenote_category":0,"inspiro_hide_title":false,"footnotes":""},"class_list":["post-6922","page","type-page","status-publish","hentry"],"aioseo_notices":[],"featured_media_urls":[],"_links":{"self":[{"href":"https:\/\/www.switchclubreims.fr\/index.php\/wp-json\/wp\/v2\/pages\/6922","targetHints":{"allow":["GET"]}}],"collection":[{"href":"https:\/\/www.switchclubreims.fr\/index.php\/wp-json\/wp\/v2\/pages"}],"about":[{"href":"https:\/\/www.switchclubreims.fr\/index.php\/wp-json\/wp\/v2\/types\/page"}],"author":[{"embeddable":true,"href":"https:\/\/www.switchclubreims.fr\/index.php\/wp-json\/wp\/v2\/users\/1"}],"replies":[{"embeddable":true,"href":"https:\/\/www.switchclubreims.fr\/index.php\/wp-json\/wp\/v2\/comments?post=6922"}],"version-history":[{"count":57,"href":"https:\/\/www.switchclubreims.fr\/index.php\/wp-json\/wp\/v2\/pages\/6922\/revisions"}],"predecessor-version":[{"id":7173,"href":"https:\/\/www.switchclubreims.fr\/index.php\/wp-json\/wp\/v2\/pages\/6922\/revisions\/7173"}],"wp:attachment":[{"href":"https:\/\/www.switchclubreims.fr\/index.php\/wp-json\/wp\/v2\/media?parent=6922"}],"curies":[{"name":"wp","href":"https:\/\/api.w.org\/{rel}","templated":true}]}}