{"id":6987,"date":"2025-09-22T13:48:46","date_gmt":"2025-09-22T11:48:46","guid":{"rendered":"https:\/\/www.switchclubreims.fr\/?page_id=6987"},"modified":"2026-02-15T06:43:12","modified_gmt":"2026-02-15T05:43:12","slug":"cours","status":"publish","type":"page","link":"https:\/\/www.switchclubreims.fr\/index.php\/cours\/","title":{"rendered":"Cours &amp; stages"},"content":{"rendered":"\n<h2 class=\"wp-block-heading has-text-align-center\" style=\"font-size:clamp(31.152px, 1.947rem + ((1vw - 3.2px) * 2.11), 55px);font-style:normal;font-weight:1000\">Cours &amp; Stages<\/h2>\n\n\n\n<p class=\"has-text-align-center\" style=\"margin-top:var(--wp--preset--spacing--medium);margin-right:0;margin-bottom:0;margin-left:0;padding-right:var(--wp--preset--spacing--small);padding-left:var(--wp--preset--spacing--small)\"><strong>Nous proposons des cours tout au long de l&rsquo;ann\u00e9e<\/strong>, que ce soit dans nos locaux, ou bien au skatepark L\u00e9o Lagrange quand la m\u00e9t\u00e9o le permet.<br><strong>Nous organisons aussi des stages durant les vacances scolaires<\/strong> qui ont pour objectifs d&rsquo;initier de nouvelle personne \u00e0 la pratique du skate que de proposer du perfectionnement \u00e0 nos \u00e9l\u00e8ves durant ces p\u00e9riodes sans cours.<\/p>\n\n\n\n<p class=\"has-text-align-center\" style=\"padding-right:var(--wp--preset--spacing--small);padding-left:var(--wp--preset--spacing--small)\">Pour toute information concernant les stages, vous trouverez les tarifs et les horaires sur le liens \u00ab\u00a0Inscriptions\u00a0\u00bb ci-dessous ou vous pouvez nous contacter.<\/p>\n\n\n\n<div class=\"wp-block-buttons is-content-justification-center is-layout-flex wp-container-core-buttons-is-layout-f785301d wp-block-buttons-is-layout-flex\" style=\"padding-top:var(--wp--preset--spacing--x-small)\">\n<div class=\"wp-block-button\"><a class=\"wp-block-button__link has-custom-font-size wp-element-button\" href=\"https:\/\/www.helloasso.com\/associations\/switch-club-reims\" style=\"border-top-left-radius:100px;border-top-right-radius:100px;border-bottom-left-radius:100px;border-bottom-right-radius:100px;padding-top:var(--wp--preset--spacing--x-small);padding-right:var(--wp--preset--spacing--small);padding-bottom:var(--wp--preset--spacing--x-small);padding-left:var(--wp--preset--spacing--small);font-size:clamp(14px, 0.875rem + ((1vw - 3.2px) * 0.531), 20px);\">Inscriptions<\/a><\/div>\n<\/div>\n\n\n\n<div style=\"height:53px\" aria-hidden=\"true\" class=\"wp-block-spacer\"><\/div>\n\n\n\n<h3 class=\"wp-block-heading has-text-align-center\" style=\"font-size:clamp(21.536px, 1.346rem + ((1vw - 3.2px) * 1.192), 35px);\">Concernant les cours :<\/h3>\n\n\n\n<p class=\"has-text-align-center\" style=\"margin-bottom:var(--wp--preset--spacing--x-small)\">Prix annuels<\/p>\n\n\n\n<p class=\"has-text-align-center\" style=\"padding-top:0;padding-right:0;padding-bottom:0px;padding-left:0;font-size:clamp(24.034px, 1.502rem + ((1vw - 3.2px) * 1.413), 40px);\">250\u20ac <\/p>\n\n\n\n<p class=\"has-text-align-center\" style=\"margin-top:-35px\">(30 x 1h de cours par semaine)<\/p>\n\n\n\n<p class=\"has-text-align-center\" style=\"font-size:clamp(24.034px, 1.502rem + ((1vw - 3.2px) * 1.413), 40px);\">381\u20ac <\/p>\n\n\n\n<p class=\"has-text-align-center\" style=\"margin-top:-35px;margin-bottom:var(--wp--preset--spacing--large)\">(30 x 1h30 de cours par semaine)<\/p>\n\n\n\n<h3 class=\"wp-block-heading has-text-align-center\" style=\"font-size:clamp(21.536px, 1.346rem + ((1vw - 3.2px) * 1.192), 35px);\">Types de cours :<\/h3>\n\n\n\n<div class=\"wp-block-group is-horizontal is-content-justification-center is-layout-flex wp-container-core-group-is-layout-bad83b0b wp-block-group-is-layout-flex\" style=\"border-style:none;border-width:0px;min-height:78px;margin-top:var(--wp--preset--spacing--x-small);margin-bottom:var(--wp--preset--spacing--x-small);padding-top:var(--wp--preset--spacing--x-small);padding-right:var(--wp--preset--spacing--small);padding-bottom:var(--wp--preset--spacing--medium);padding-left:var(--wp--preset--spacing--small);font-size:clamp(14px, 0.875rem + ((1vw - 3.2px) * 0.265), 17px);font-style:normal;font-weight:700\">\n<p class=\"has-text-align-center has-primary-color has-lightgrey-background-color has-text-color has-background has-link-color wp-elements-547d53b882a9f170f62119befd15f605\" style=\"border-top-left-radius:5px;border-top-right-radius:5px;border-bottom-left-radius:5px;border-bottom-right-radius:5px\">Minots (4-6 ans)<\/p>\n\n\n\n<div class=\"wp-block-group is-nowrap is-layout-flex wp-container-core-group-is-layout-6c531013 wp-block-group-is-layout-flex\">\n<p class=\"has-text-align-center has-primary-color has-lightgrey-background-color has-text-color has-background has-link-color wp-elements-213d1d0e7a085a11f176db1f2884c92c\" style=\"border-top-left-radius:5px;border-top-right-radius:5px;border-bottom-left-radius:5px;border-bottom-right-radius:5px\">D\u00e9butants<\/p>\n<\/div>\n\n\n\n<div class=\"wp-block-group is-content-justification-space-between is-nowrap is-layout-flex wp-container-core-group-is-layout-cb46ffcb wp-block-group-is-layout-flex\" style=\"border-top-left-radius:100px;border-top-right-radius:100px;border-bottom-left-radius:100px;border-bottom-right-radius:100px;min-height:44px\">\n<p class=\"has-text-align-center has-primary-color has-lightgrey-background-color has-text-color has-background has-link-color wp-elements-7037c1c835a1b08c9bc72f78c255f7ba\" style=\"border-top-left-radius:5px;border-top-right-radius:5px;border-bottom-left-radius:5px;border-bottom-right-radius:5px\">Interm\u00e9diaires<\/p>\n<\/div>\n\n\n\n<div class=\"wp-block-group is-nowrap is-layout-flex wp-container-core-group-is-layout-6c531013 wp-block-group-is-layout-flex\">\n<p class=\"has-text-align-center has-primary-color has-lightgrey-background-color has-text-color has-background has-link-color wp-elements-ce21a3296296f3c135aa2620d3bf79e8\" style=\"border-top-left-radius:5px;border-top-right-radius:5px;border-bottom-left-radius:5px;border-bottom-right-radius:5px\">Perfectionnements<\/p>\n<\/div>\n<\/div>\n\n\n\n<p><\/p>\n","protected":false},"excerpt":{"rendered":"<p>Cours &amp; Stages Nous proposons des cours tout au long de l&rsquo;ann\u00e9e, que ce soit dans nos locaux, ou bien au skatepark L\u00e9o Lagrange quand la m\u00e9t\u00e9o le permet.Nous organisons aussi des stages durant les vacances scolaires qui ont pour objectifs d&rsquo;initier de nouvelle personne \u00e0 la pratique du skate que de proposer du perfectionnement &hellip; <\/p>\n<p class=\"link-more\"><a href=\"https:\/\/www.switchclubreims.fr\/index.php\/cours\/\" class=\"more-link\">Lire la suite de<span class=\"screen-reader-text\">\u00ab\u00a0Cours &amp; stages\u00a0\u00bb<\/span><\/a><\/p>\n","protected":false},"author":1,"featured_media":7101,"parent":0,"menu_order":0,"comment_status":"closed","ping_status":"closed","template":"","meta":{"om_disable_all_campaigns":false,"_monsterinsights_skip_tracking":false,"_monsterinsights_sitenote_active":false,"_monsterinsights_sitenote_note":"","_monsterinsights_sitenote_category":0,"inspiro_hide_title":false,"footnotes":""},"class_list":["post-6987","page","type-page","status-publish","has-post-thumbnail","hentry"],"aioseo_notices":[],"featured_media_urls":{"thumbnail":["https:\/\/www.switchclubreims.fr\/wp-content\/uploads\/2026\/01\/069.switch_club\u00a9benjamin_segura-150x150.jpg",150,150,true],"medium":["https:\/\/www.switchclubreims.fr\/wp-content\/uploads\/2026\/01\/069.switch_club\u00a9benjamin_segura-300x200.jpg",300,200,true],"medium_large":["https:\/\/www.switchclubreims.fr\/wp-content\/uploads\/2026\/01\/069.switch_club\u00a9benjamin_segura.jpg",768,512,false],"large":["https:\/\/www.switchclubreims.fr\/wp-content\/uploads\/2026\/01\/069.switch_club\u00a9benjamin_segura-1024x683.jpg",950,634,true],"1536x1536":["https:\/\/www.switchclubreims.fr\/wp-content\/uploads\/2026\/01\/069.switch_club\u00a9benjamin_segura-1536x1024.jpg",1536,1024,true],"2048x2048":["https:\/\/www.switchclubreims.fr\/wp-content\/uploads\/2026\/01\/069.switch_club\u00a9benjamin_segura.jpg",1600,1067,false],"inspiro-featured-image":["https:\/\/www.switchclubreims.fr\/wp-content\/uploads\/2026\/01\/069.switch_club\u00a9benjamin_segura.jpg",1600,1067,false],"inspiro-loop":["https:\/\/www.switchclubreims.fr\/wp-content\/uploads\/2026\/01\/069.switch_club\u00a9benjamin_segura-950x320.jpg",950,320,true],"inspiro-loop@2x":["https:\/\/www.switchclubreims.fr\/wp-content\/uploads\/2026\/01\/069.switch_club\u00a9benjamin_segura-1600x640.jpg",1600,640,true],"portfolio_item-thumbnail":["https:\/\/www.switchclubreims.fr\/wp-content\/uploads\/2026\/01\/069.switch_club\u00a9benjamin_segura-600x400.jpg",600,400,true],"portfolio_item-thumbnail@2x":["https:\/\/www.switchclubreims.fr\/wp-content\/uploads\/2026\/01\/069.switch_club\u00a9benjamin_segura-1200x800.jpg",1200,800,true],"portfolio_item-masonry":["https:\/\/www.switchclubreims.fr\/wp-content\/uploads\/2026\/01\/069.switch_club\u00a9benjamin_segura-600x400.jpg",600,400,true],"portfolio_item-masonry@2x":["https:\/\/www.switchclubreims.fr\/wp-content\/uploads\/2026\/01\/069.switch_club\u00a9benjamin_segura-1200x800.jpg",1200,800,true],"portfolio_item-thumbnail_cinema":["https:\/\/www.switchclubreims.fr\/wp-content\/uploads\/2026\/01\/069.switch_club\u00a9benjamin_segura-800x335.jpg",800,335,true],"portfolio_item-thumbnail_portrait":["https:\/\/www.switchclubreims.fr\/wp-content\/uploads\/2026\/01\/069.switch_club\u00a9benjamin_segura-600x900.jpg",600,900,true],"portfolio_item-thumbnail_portrait@2x":["https:\/\/www.switchclubreims.fr\/wp-content\/uploads\/2026\/01\/069.switch_club\u00a9benjamin_segura-1200x1067.jpg",1200,1067,true],"portfolio_item-thumbnail_square":["https:\/\/www.switchclubreims.fr\/wp-content\/uploads\/2026\/01\/069.switch_club\u00a9benjamin_segura-800x800.jpg",800,800,true]},"_links":{"self":[{"href":"https:\/\/www.switchclubreims.fr\/index.php\/wp-json\/wp\/v2\/pages\/6987","targetHints":{"allow":["GET"]}}],"collection":[{"href":"https:\/\/www.switchclubreims.fr\/index.php\/wp-json\/wp\/v2\/pages"}],"about":[{"href":"https:\/\/www.switchclubreims.fr\/index.php\/wp-json\/wp\/v2\/types\/page"}],"author":[{"embeddable":true,"href":"https:\/\/www.switchclubreims.fr\/index.php\/wp-json\/wp\/v2\/users\/1"}],"replies":[{"embeddable":true,"href":"https:\/\/www.switchclubreims.fr\/index.php\/wp-json\/wp\/v2\/comments?post=6987"}],"version-history":[{"count":46,"href":"https:\/\/www.switchclubreims.fr\/index.php\/wp-json\/wp\/v2\/pages\/6987\/revisions"}],"predecessor-version":[{"id":7230,"href":"https:\/\/www.switchclubreims.fr\/index.php\/wp-json\/wp\/v2\/pages\/6987\/revisions\/7230"}],"wp:featuredmedia":[{"embeddable":true,"href":"https:\/\/www.switchclubreims.fr\/index.php\/wp-json\/wp\/v2\/media\/7101"}],"wp:attachment":[{"href":"https:\/\/www.switchclubreims.fr\/index.php\/wp-json\/wp\/v2\/media?parent=6987"}],"curies":[{"name":"wp","href":"https:\/\/api.w.org\/{rel}","templated":true}]}}