{"id":7006,"date":"2025-12-20T00:10:10","date_gmt":"2025-12-19T23:10:10","guid":{"rendered":"https:\/\/www.switchclubreims.fr\/?page_id=7006"},"modified":"2026-02-15T08:40:49","modified_gmt":"2026-02-15T07:40:49","slug":"session-libres","status":"publish","type":"page","link":"https:\/\/www.switchclubreims.fr\/index.php\/homepage\/session-libres\/","title":{"rendered":"Session libres"},"content":{"rendered":"\n<h2 class=\"wp-block-heading has-text-align-center\" style=\"font-size:clamp(31.152px, 1.947rem + ((1vw - 3.2px) * 2.11), 55px);font-style:normal;font-weight:1000\">Session libres<\/h2>\n\n\n\n<h2 class=\"wp-block-heading has-text-align-center\"><br>D\u00e9couvrez nos cr\u00e9neaux pour venir skater \u00e0 l\u2019abri du mauvais temps !<\/h2>\n\n\n\n<p class=\"has-text-align-center\">Gr\u00e2ce \u00e0 nos cr\u00e9neaux indoor, vous progressez toute l\u2019ann\u00e9e dans un espace s\u00e9curis\u00e9, encadr\u00e9 et 100% d\u00e9di\u00e9 au ride. Fini les sessions annul\u00e9es \u00e0 cause de la pluie : plus de r\u00e9gularit\u00e9, plus de confiance, plus de progression. Un vrai confort pour les riders\u2026 et pour les parents \ud83d\ude09<\/p>\n\n\n\n<div class=\"wp-block-columns is-layout-flex wp-container-core-columns-is-layout-5c5d7afb wp-block-columns-is-layout-flex\" style=\"margin-top:var(--wp--preset--spacing--large)\">\n<div class=\"wp-block-column is-layout-flow wp-block-column-is-layout-flow\">\n<p class=\"has-text-align-center has-medium-font-size\" style=\"font-style:normal;font-weight:900\">Tarif pour les adh\u00e9rents<\/p>\n\n\n\n<p class=\"has-text-align-center\"><strong>4\u20ac<\/strong><\/p>\n<\/div>\n\n\n\n<div class=\"wp-block-column is-layout-flow wp-block-column-is-layout-flow\">\n<p class=\"has-text-align-center has-medium-font-size\" style=\"font-style:normal;font-weight:900\">Tarif pour les non adh\u00e9rents<\/p>\n\n\n\n<p class=\"has-text-align-center\"><strong>6\u20ac<\/strong><\/p>\n<\/div>\n<\/div>\n\n\n\n<div class=\"wp-block-columns is-layout-flex wp-container-core-columns-is-layout-5c5d7afb wp-block-columns-is-layout-flex\" style=\"margin-top:var(--wp--preset--spacing--large)\">\n<div class=\"wp-block-column is-layout-flow wp-block-column-is-layout-flow\">\n<p class=\"has-text-align-center has-medium-font-size\" style=\"font-style:normal;font-weight:900\">Session tout publics<\/p>\n\n\n\n<p class=\"has-text-align-center\"><strong>Lundi : 17h &#8211; 20h<br>Mardi : 17h &#8211; 21h30<br>Vendredi : 19h &#8211; 22h<br>Dimanche : 16h &#8211; 20h<\/strong><\/p>\n<\/div>\n\n\n\n<div class=\"wp-block-column is-layout-flow wp-block-column-is-layout-flow\">\n<p class=\"has-text-align-center has-medium-font-size\" style=\"font-style:normal;font-weight:900\">Sessions Kids (r\u00e9serv\u00e9 aux -16ans)<\/p>\n\n\n\n<p class=\"has-text-align-center\"><strong>Vendredi : 17h &#8211; 19h<br>Dimanche : 13h &#8211; 16 h<\/strong><\/p>\n<\/div>\n<\/div>\n\n\n\n<p><\/p>\n","protected":false},"excerpt":{"rendered":"<p>Session libres D\u00e9couvrez nos cr\u00e9neaux pour venir skater \u00e0 l\u2019abri du mauvais temps ! Gr\u00e2ce \u00e0 nos cr\u00e9neaux indoor, vous progressez toute l\u2019ann\u00e9e dans un espace s\u00e9curis\u00e9, encadr\u00e9 et 100% d\u00e9di\u00e9 au ride. Fini les sessions annul\u00e9es \u00e0 cause de la pluie : plus de r\u00e9gularit\u00e9, plus de confiance, plus de progression. Un vrai confort &hellip; <\/p>\n<p class=\"link-more\"><a href=\"https:\/\/www.switchclubreims.fr\/index.php\/homepage\/session-libres\/\" class=\"more-link\">Lire la suite de<span class=\"screen-reader-text\">\u00ab\u00a0Session libres\u00a0\u00bb<\/span><\/a><\/p>\n","protected":false},"author":1,"featured_media":7012,"parent":6922,"menu_order":0,"comment_status":"closed","ping_status":"closed","template":"","meta":{"om_disable_all_campaigns":false,"_monsterinsights_skip_tracking":false,"_monsterinsights_sitenote_active":false,"_monsterinsights_sitenote_note":"","_monsterinsights_sitenote_category":0,"inspiro_hide_title":false,"footnotes":""},"class_list":["post-7006","page","type-page","status-publish","has-post-thumbnail","hentry"],"aioseo_notices":[],"featured_media_urls":{"thumbnail":["https:\/\/www.switchclubreims.fr\/wp-content\/uploads\/2025\/12\/FILE_NAME-150x150.jpg",150,150,true],"medium":["https:\/\/www.switchclubreims.fr\/wp-content\/uploads\/2025\/12\/FILE_NAME-199x300.jpg",199,300,true],"medium_large":["https:\/\/www.switchclubreims.fr\/wp-content\/uploads\/2025\/12\/FILE_NAME-scaled.jpg",768,1157,false],"large":["https:\/\/www.switchclubreims.fr\/wp-content\/uploads\/2025\/12\/FILE_NAME-680x1024.jpg",680,1024,true],"1536x1536":["https:\/\/www.switchclubreims.fr\/wp-content\/uploads\/2025\/12\/FILE_NAME-scaled-1019x1536.jpg",1019,1536,true],"2048x2048":["https:\/\/www.switchclubreims.fr\/wp-content\/uploads\/2025\/12\/FILE_NAME-scaled-1359x2048.jpg",1359,2048,true],"inspiro-featured-image":["https:\/\/www.switchclubreims.fr\/wp-content\/uploads\/2025\/12\/FILE_NAME-2000x3013.jpg",2000,3013,true],"inspiro-loop":["https:\/\/www.switchclubreims.fr\/wp-content\/uploads\/2025\/12\/FILE_NAME-950x320.jpg",950,320,true],"inspiro-loop@2x":["https:\/\/www.switchclubreims.fr\/wp-content\/uploads\/2025\/12\/FILE_NAME-1900x640.jpg",1900,640,true],"portfolio_item-thumbnail":["https:\/\/www.switchclubreims.fr\/wp-content\/uploads\/2025\/12\/FILE_NAME-scaled-600x400.jpg",600,400,true],"portfolio_item-thumbnail@2x":["https:\/\/www.switchclubreims.fr\/wp-content\/uploads\/2025\/12\/FILE_NAME-scaled-1200x800.jpg",1200,800,true],"portfolio_item-masonry":["https:\/\/www.switchclubreims.fr\/wp-content\/uploads\/2025\/12\/FILE_NAME-scaled-600x904.jpg",600,904,true],"portfolio_item-masonry@2x":["https:\/\/www.switchclubreims.fr\/wp-content\/uploads\/2025\/12\/FILE_NAME-scaled-1200x1808.jpg",1200,1808,true],"portfolio_item-thumbnail_cinema":["https:\/\/www.switchclubreims.fr\/wp-content\/uploads\/2025\/12\/FILE_NAME-scaled-800x335.jpg",800,335,true],"portfolio_item-thumbnail_portrait":["https:\/\/www.switchclubreims.fr\/wp-content\/uploads\/2025\/12\/FILE_NAME-scaled-600x900.jpg",600,900,true],"portfolio_item-thumbnail_portrait@2x":["https:\/\/www.switchclubreims.fr\/wp-content\/uploads\/2025\/12\/FILE_NAME-scaled-1200x1800.jpg",1200,1800,true],"portfolio_item-thumbnail_square":["https:\/\/www.switchclubreims.fr\/wp-content\/uploads\/2025\/12\/FILE_NAME-scaled-800x800.jpg",800,800,true]},"_links":{"self":[{"href":"https:\/\/www.switchclubreims.fr\/index.php\/wp-json\/wp\/v2\/pages\/7006","targetHints":{"allow":["GET"]}}],"collection":[{"href":"https:\/\/www.switchclubreims.fr\/index.php\/wp-json\/wp\/v2\/pages"}],"about":[{"href":"https:\/\/www.switchclubreims.fr\/index.php\/wp-json\/wp\/v2\/types\/page"}],"author":[{"embeddable":true,"href":"https:\/\/www.switchclubreims.fr\/index.php\/wp-json\/wp\/v2\/users\/1"}],"replies":[{"embeddable":true,"href":"https:\/\/www.switchclubreims.fr\/index.php\/wp-json\/wp\/v2\/comments?post=7006"}],"version-history":[{"count":21,"href":"https:\/\/www.switchclubreims.fr\/index.php\/wp-json\/wp\/v2\/pages\/7006\/revisions"}],"predecessor-version":[{"id":7293,"href":"https:\/\/www.switchclubreims.fr\/index.php\/wp-json\/wp\/v2\/pages\/7006\/revisions\/7293"}],"up":[{"embeddable":true,"href":"https:\/\/www.switchclubreims.fr\/index.php\/wp-json\/wp\/v2\/pages\/6922"}],"wp:featuredmedia":[{"embeddable":true,"href":"https:\/\/www.switchclubreims.fr\/index.php\/wp-json\/wp\/v2\/media\/7012"}],"wp:attachment":[{"href":"https:\/\/www.switchclubreims.fr\/index.php\/wp-json\/wp\/v2\/media?parent=7006"}],"curies":[{"name":"wp","href":"https:\/\/api.w.org\/{rel}","templated":true}]}}