{"id":7020,"date":"2026-01-05T15:43:38","date_gmt":"2026-01-05T14:43:38","guid":{"rendered":"https:\/\/www.switchclubreims.fr\/?page_id=7020"},"modified":"2026-02-15T07:56:18","modified_gmt":"2026-02-15T06:56:18","slug":"medias","status":"publish","type":"page","link":"https:\/\/www.switchclubreims.fr\/index.php\/homepage\/medias\/","title":{"rendered":"M\u00e9dias"},"content":{"rendered":"\n<p class=\"has-text-align-center\"><strong>Reportage France 3 Champagne-Ardennes<\/strong><br><\/p>\n\n\n\n<figure class=\"wp-block-embed is-type-video is-provider-youtube wp-block-embed-youtube wp-embed-aspect-16-9 wp-has-aspect-ratio\"><div class=\"wp-block-embed__wrapper\">\n<iframe title=\"\u00c0 l&#039;\u00e9cole du skate (1\/4) : ils transmettent leur passion du skateboard\" width=\"950\" height=\"534\" src=\"https:\/\/www.youtube.com\/embed\/tz6tjptAn3k?feature=oembed\" frameborder=\"0\" allow=\"accelerometer; autoplay; clipboard-write; encrypted-media; gyroscope; picture-in-picture; web-share\" referrerpolicy=\"strict-origin-when-cross-origin\" allowfullscreen><\/iframe>\n<\/div><\/figure>\n\n\n\n<figure class=\"wp-block-embed is-type-video is-provider-youtube wp-block-embed-youtube wp-embed-aspect-16-9 wp-has-aspect-ratio\"><div class=\"wp-block-embed__wrapper\">\n <iframe title=\"\u00c0 l&#039;\u00e9cole du skate (2\/4) : accompagner les d\u00e9butants dans l&#039;apprentissage du skateboard\" width=\"950\" height=\"534\" src=\"https:\/\/www.youtube.com\/embed\/L_hmXLvYnC4?feature=oembed\" frameborder=\"0\" allow=\"accelerometer; autoplay; clipboard-write; encrypted-media; gyroscope; picture-in-picture; web-share\" referrerpolicy=\"strict-origin-when-cross-origin\" allowfullscreen><\/iframe>\n<\/div><\/figure>\n\n\n\n<figure class=\"wp-block-embed is-type-video is-provider-youtube wp-block-embed-youtube wp-embed-aspect-16-9 wp-has-aspect-ratio\"><div class=\"wp-block-embed__wrapper\">\n<iframe title=\"\u00c0 l&#039;\u00e9cole du skate (3\/4) : former les futurs champions\" width=\"950\" height=\"534\" src=\"https:\/\/www.youtube.com\/embed\/LCjanu7n0pk?feature=oembed\" frameborder=\"0\" allow=\"accelerometer; autoplay; clipboard-write; encrypted-media; gyroscope; picture-in-picture; web-share\" referrerpolicy=\"strict-origin-when-cross-origin\" allowfullscreen><\/iframe>\n<\/div><\/figure>\n\n\n\n<figure class=\"wp-block-embed is-type-video is-provider-youtube wp-block-embed-youtube wp-embed-aspect-16-9 wp-has-aspect-ratio\"><div class=\"wp-block-embed__wrapper\">\n <iframe title=\"\u00c0 l&#039;\u00e9cole du skate (4\/4) : un lieu de rencontre et de convivialit\u00e9\" width=\"950\" height=\"534\" src=\"https:\/\/www.youtube.com\/embed\/XFMW-XmGk1A?feature=oembed\" frameborder=\"0\" allow=\"accelerometer; autoplay; clipboard-write; encrypted-media; gyroscope; picture-in-picture; web-share\" referrerpolicy=\"strict-origin-when-cross-origin\" allowfullscreen><\/iframe>\n<\/div><\/figure>\n\n\n\n<hr class=\"wp-block-separator has-alpha-channel-opacity\"\/>\n\n\n\n<p class=\"has-text-align-center\"><strong>Vid\u00e9os d&rsquo;\u00e9v\u00e8nements<\/strong><br><br><a href=\"https:\/\/www.instagram.com\/reel\/DJUWwlvITWD\/?utm_source=ig_web_copy_link&amp;igsh=MzRlODBiNWFlZA==\" title=\"\">Championnat R\u00e9gional 2025 par AnotherSkater<\/a><br><a href=\"https:\/\/www.instagram.com\/reel\/DQr40-pCLWt\/?utm_source=ig_web_copy_link&amp;igsh=MzRlODBiNWFlZA==\" title=\"\">Contest Halloween 2025 par AnotherSkater<\/a><br><a href=\"https:\/\/www.instagram.com\/reel\/DShXg_8CH2X\/?utm_source=ig_web_copy_link&amp;igsh=MzRlODBiNWFlZA==\" title=\"\">Contest Game Of SKATE 12\/2025 par AnotherSkater<\/a><br><\/p>\n\n\n\n<hr class=\"wp-block-separator has-alpha-channel-opacity\"\/>\n\n\n\n<p class=\"has-text-align-center\"><strong>Albums photos<\/strong><br><br><a href=\"https:\/\/flic.kr\/s\/aHBqjCzTsV\" title=\"\">Halloween 2025 par Charlotte Vieville<\/a><br><\/p>\n\n\n\n<div style=\"height:100px\" aria-hidden=\"true\" class=\"wp-block-spacer\"><\/div>\n\n\n\n<p><\/p>\n","protected":false},"excerpt":{"rendered":"<p>Reportage France 3 Champagne-Ardennes Vid\u00e9os d&rsquo;\u00e9v\u00e8nements Championnat R\u00e9gional 2025 par AnotherSkaterContest Halloween 2025 par AnotherSkaterContest Game Of SKATE 12\/2025 par AnotherSkater Albums photos Halloween 2025 par Charlotte Vieville<\/p>\n","protected":false},"author":1,"featured_media":0,"parent":6922,"menu_order":0,"comment_status":"closed","ping_status":"closed","template":"","meta":{"om_disable_all_campaigns":false,"_monsterinsights_skip_tracking":false,"_monsterinsights_sitenote_active":false,"_monsterinsights_sitenote_note":"","_monsterinsights_sitenote_category":0,"inspiro_hide_title":false,"footnotes":""},"class_list":["post-7020","page","type-page","status-publish","hentry"],"aioseo_notices":[],"featured_media_urls":[],"_links":{"self":[{"href":"https:\/\/www.switchclubreims.fr\/index.php\/wp-json\/wp\/v2\/pages\/7020","targetHints":{"allow":["GET"]}}],"collection":[{"href":"https:\/\/www.switchclubreims.fr\/index.php\/wp-json\/wp\/v2\/pages"}],"about":[{"href":"https:\/\/www.switchclubreims.fr\/index.php\/wp-json\/wp\/v2\/types\/page"}],"author":[{"embeddable":true,"href":"https:\/\/www.switchclubreims.fr\/index.php\/wp-json\/wp\/v2\/users\/1"}],"replies":[{"embeddable":true,"href":"https:\/\/www.switchclubreims.fr\/index.php\/wp-json\/wp\/v2\/comments?post=7020"}],"version-history":[{"count":10,"href":"https:\/\/www.switchclubreims.fr\/index.php\/wp-json\/wp\/v2\/pages\/7020\/revisions"}],"predecessor-version":[{"id":7279,"href":"https:\/\/www.switchclubreims.fr\/index.php\/wp-json\/wp\/v2\/pages\/7020\/revisions\/7279"}],"up":[{"embeddable":true,"href":"https:\/\/www.switchclubreims.fr\/index.php\/wp-json\/wp\/v2\/pages\/6922"}],"wp:attachment":[{"href":"https:\/\/www.switchclubreims.fr\/index.php\/wp-json\/wp\/v2\/media?parent=7020"}],"curies":[{"name":"wp","href":"https:\/\/api.w.org\/{rel}","templated":true}]}}