{"id":7029,"date":"2026-01-05T16:51:58","date_gmt":"2026-01-05T15:51:58","guid":{"rendered":"https:\/\/www.switchclubreims.fr\/?page_id=7029"},"modified":"2026-02-15T07:40:51","modified_gmt":"2026-02-15T06:40:51","slug":"sorties","status":"publish","type":"page","link":"https:\/\/www.switchclubreims.fr\/index.php\/sorties\/","title":{"rendered":"Sorties"},"content":{"rendered":"\n<h2 class=\"wp-block-heading has-text-align-center\" style=\"margin-bottom:var(--wp--preset--spacing--large);font-size:clamp(31.152px, 1.947rem + ((1vw - 3.2px) * 2.11), 55px);font-style:normal;font-weight:1000\">Sorties<\/h2>\n\n\n\n<div class=\"wp-block-media-text is-stacked-on-mobile\" style=\"margin-bottom:var(--wp--preset--spacing--medium);grid-template-columns:66% auto\"><figure class=\"wp-block-media-text__media\"><img fetchpriority=\"high\" decoding=\"async\" width=\"900\" height=\"675\" src=\"https:\/\/www.switchclubreims.fr\/wp-content\/uploads\/2026\/02\/IMG_7159.png\" alt=\"\" class=\"wp-image-7262 size-full\" srcset=\"https:\/\/www.switchclubreims.fr\/wp-content\/uploads\/2026\/02\/IMG_7159.png 900w, https:\/\/www.switchclubreims.fr\/wp-content\/uploads\/2026\/02\/IMG_7159-300x225.png 300w\" sizes=\"(max-width: 900px) 100vw, 900px\" \/><\/figure><div class=\"wp-block-media-text__content\">\n<h2 class=\"wp-block-heading\"><strong>Camps skate<\/strong><\/h2>\n\n\n\n<p>Vis une semaine 100% glisse ! En<br>itin\u00e9rance ou avec h\u00e9bergement,<br>d\u00e9couvre les meilleurs skateparks de la<br>r\u00e9gion et de France.<\/p>\n<\/div><\/div>\n\n\n\n<div class=\"wp-block-media-text has-media-on-the-right is-stacked-on-mobile\" style=\"grid-template-columns:auto 58%\"><div class=\"wp-block-media-text__content\">\n<h2 class=\"wp-block-heading\"><strong><strong>Sorties skat<\/strong><\/strong>e<\/h2>\n\n\n\n<p>Partez \u00e0 l\u2019aventure avec Switch Club<br>Reims et d\u00e9couvrez les skateparks du<br>Grand Est, du Luxembourg, de Paris\u2026<br>sans oublier Reims !<\/p>\n<\/div><figure class=\"wp-block-media-text__media\"><img decoding=\"async\" width=\"900\" height=\"675\" src=\"https:\/\/www.switchclubreims.fr\/wp-content\/uploads\/2026\/02\/IMG_8159.png\" alt=\"\" class=\"wp-image-7261 size-full\" srcset=\"https:\/\/www.switchclubreims.fr\/wp-content\/uploads\/2026\/02\/IMG_8159.png 900w, https:\/\/www.switchclubreims.fr\/wp-content\/uploads\/2026\/02\/IMG_8159-300x225.png 300w\" sizes=\"(max-width: 900px) 100vw, 900px\" \/><\/figure><\/div>\n\n\n\n<figure style=\"padding-top:var(--wp--preset--spacing--medium);padding-right:var(--wp--preset--spacing--large);padding-bottom:var(--wp--preset--spacing--medium);padding-left:var(--wp--preset--spacing--large)\" class=\"wp-block-video\"><video height=\"1080\" style=\"aspect-ratio: 1920 \/ 1080;\" width=\"1920\" controls muted src=\"https:\/\/www.switchclubreims.fr\/wp-content\/uploads\/2026\/02\/IMG_6578.mov\"><\/video><\/figure>\n","protected":false},"excerpt":{"rendered":"<p>Sorties Camps skate Vis une semaine 100% glisse ! Enitin\u00e9rance ou avec h\u00e9bergement,d\u00e9couvre les meilleurs skateparks de lar\u00e9gion et de France. Sorties skate Partez \u00e0 l\u2019aventure avec Switch ClubReims et d\u00e9couvrez les skateparks duGrand Est, du Luxembourg, de Paris\u2026sans oublier Reims !<\/p>\n","protected":false},"author":1,"featured_media":7272,"parent":0,"menu_order":0,"comment_status":"closed","ping_status":"closed","template":"","meta":{"om_disable_all_campaigns":false,"_monsterinsights_skip_tracking":false,"_monsterinsights_sitenote_active":false,"_monsterinsights_sitenote_note":"","_monsterinsights_sitenote_category":0,"inspiro_hide_title":false,"footnotes":""},"class_list":["post-7029","page","type-page","status-publish","has-post-thumbnail","hentry"],"aioseo_notices":[],"featured_media_urls":{"thumbnail":["https:\/\/www.switchclubreims.fr\/wp-content\/uploads\/2026\/02\/IMG_8201-150x150.png",150,150,true],"medium":["https:\/\/www.switchclubreims.fr\/wp-content\/uploads\/2026\/02\/IMG_8201-300x94.png",300,94,true],"medium_large":["https:\/\/www.switchclubreims.fr\/wp-content\/uploads\/2026\/02\/IMG_8201-scaled.png",768,240,false],"large":["https:\/\/www.switchclubreims.fr\/wp-content\/uploads\/2026\/02\/IMG_8201-1024x321.png",950,298,true],"1536x1536":["https:\/\/www.switchclubreims.fr\/wp-content\/uploads\/2026\/02\/IMG_8201-scaled-1536x481.png",1536,481,true],"2048x2048":["https:\/\/www.switchclubreims.fr\/wp-content\/uploads\/2026\/02\/IMG_8201-scaled-2048x641.png",2048,641,true],"inspiro-featured-image":["https:\/\/www.switchclubreims.fr\/wp-content\/uploads\/2026\/02\/IMG_8201-2000x626.png",2000,626,true],"inspiro-loop":["https:\/\/www.switchclubreims.fr\/wp-content\/uploads\/2026\/02\/IMG_8201-950x320.png",950,320,true],"inspiro-loop@2x":["https:\/\/www.switchclubreims.fr\/wp-content\/uploads\/2026\/02\/IMG_8201-1900x640.png",1900,640,true],"portfolio_item-thumbnail":["https:\/\/www.switchclubreims.fr\/wp-content\/uploads\/2026\/02\/IMG_8201-scaled-600x400.png",600,400,true],"portfolio_item-thumbnail@2x":["https:\/\/www.switchclubreims.fr\/wp-content\/uploads\/2026\/02\/IMG_8201-scaled-1200x800.png",1200,800,true],"portfolio_item-masonry":["https:\/\/www.switchclubreims.fr\/wp-content\/uploads\/2026\/02\/IMG_8201-scaled-600x188.png",600,188,true],"portfolio_item-masonry@2x":["https:\/\/www.switchclubreims.fr\/wp-content\/uploads\/2026\/02\/IMG_8201-scaled-1200x375.png",1200,375,true],"portfolio_item-thumbnail_cinema":["https:\/\/www.switchclubreims.fr\/wp-content\/uploads\/2026\/02\/IMG_8201-scaled-800x335.png",800,335,true],"portfolio_item-thumbnail_portrait":["https:\/\/www.switchclubreims.fr\/wp-content\/uploads\/2026\/02\/IMG_8201-scaled-600x801.png",600,801,true],"portfolio_item-thumbnail_portrait@2x":["https:\/\/www.switchclubreims.fr\/wp-content\/uploads\/2026\/02\/IMG_8201-scaled-1200x801.png",1200,801,true],"portfolio_item-thumbnail_square":["https:\/\/www.switchclubreims.fr\/wp-content\/uploads\/2026\/02\/IMG_8201-scaled-800x800.png",800,800,true]},"_links":{"self":[{"href":"https:\/\/www.switchclubreims.fr\/index.php\/wp-json\/wp\/v2\/pages\/7029","targetHints":{"allow":["GET"]}}],"collection":[{"href":"https:\/\/www.switchclubreims.fr\/index.php\/wp-json\/wp\/v2\/pages"}],"about":[{"href":"https:\/\/www.switchclubreims.fr\/index.php\/wp-json\/wp\/v2\/types\/page"}],"author":[{"embeddable":true,"href":"https:\/\/www.switchclubreims.fr\/index.php\/wp-json\/wp\/v2\/users\/1"}],"replies":[{"embeddable":true,"href":"https:\/\/www.switchclubreims.fr\/index.php\/wp-json\/wp\/v2\/comments?post=7029"}],"version-history":[{"count":14,"href":"https:\/\/www.switchclubreims.fr\/index.php\/wp-json\/wp\/v2\/pages\/7029\/revisions"}],"predecessor-version":[{"id":7275,"href":"https:\/\/www.switchclubreims.fr\/index.php\/wp-json\/wp\/v2\/pages\/7029\/revisions\/7275"}],"wp:featuredmedia":[{"embeddable":true,"href":"https:\/\/www.switchclubreims.fr\/index.php\/wp-json\/wp\/v2\/media\/7272"}],"wp:attachment":[{"href":"https:\/\/www.switchclubreims.fr\/index.php\/wp-json\/wp\/v2\/media?parent=7029"}],"curies":[{"name":"wp","href":"https:\/\/api.w.org\/{rel}","templated":true}]}}