{"id":7044,"date":"2026-01-05T16:54:06","date_gmt":"2026-01-05T15:54:06","guid":{"rendered":"https:\/\/www.switchclubreims.fr\/?page_id=7044"},"modified":"2026-02-15T08:13:11","modified_gmt":"2026-02-15T07:13:11","slug":"anniversaires","status":"publish","type":"page","link":"https:\/\/www.switchclubreims.fr\/index.php\/anniversaires\/","title":{"rendered":"Anniversaires"},"content":{"rendered":"\n<p><\/p>\n\n\n\n<h2 class=\"wp-block-heading has-text-align-center\" style=\"font-size:clamp(31.152px, 1.947rem + ((1vw - 3.2px) * 2.11), 55px);font-style:normal;font-weight:1000\">Anniversaires<\/h2>\n\n\n\n<p class=\"has-text-align-center\" style=\"margin-bottom:var(--wp--preset--spacing--large);font-size:clamp(16.293px, 1.018rem + ((1vw - 3.2px) * 0.771), 25px);\">Le meilleur cadeau ? Une session entre tes amis !<\/p>\n\n\n\n<div class=\"wp-block-media-text is-stacked-on-mobile\" style=\"margin-bottom:var(--wp--preset--spacing--large)\"><figure class=\"wp-block-media-text__media\"><img fetchpriority=\"high\" decoding=\"async\" width=\"1024\" height=\"1014\" src=\"https:\/\/www.switchclubreims.fr\/wp-content\/uploads\/2026\/02\/Sans-titre-2-1024x1014.png\" alt=\"\" class=\"wp-image-7282 size-full\" srcset=\"https:\/\/www.switchclubreims.fr\/wp-content\/uploads\/2026\/02\/Sans-titre-2-1024x1014.png 1024w, https:\/\/www.switchclubreims.fr\/wp-content\/uploads\/2026\/02\/Sans-titre-2-300x297.png 300w, https:\/\/www.switchclubreims.fr\/wp-content\/uploads\/2026\/02\/Sans-titre-2-150x150.png 150w, https:\/\/www.switchclubreims.fr\/wp-content\/uploads\/2026\/02\/Sans-titre-2.png 1034w\" sizes=\"(max-width: 1024px) 100vw, 1024px\" \/><\/figure><div class=\"wp-block-media-text__content\">\n<p>C\u00e9l\u00e8bre ton anniversaire au Switch Club Reims : une exp\u00e9rience fun et unique pour partager ta passion du skate ou de la trottinette avec tes amis !<\/p>\n\n\n\n<p>Au programme : une session encadr\u00e9e par des riders passionn\u00e9s, des d\u00e9fis adapt\u00e9s \u00e0 tous les niveaux, des moments de progression\u2026 et surtout beaucoup de rires ! Que tu sois d\u00e9butant ou d\u00e9j\u00e0 \u00e0 l\u2019aise sur ta planche, chacun trouve sa place pour s\u2019amuser en toute s\u00e9curit\u00e9.<\/p>\n\n\n\n<p>Un anniversaire original, dynamique et m\u00e9morable, o\u00f9 les figures remplacent les chaises musicales et o\u00f9 les souvenirs se cr\u00e9ent sur les modules plut\u00f4t qu\u2019autour d\u2019une simple table \ud83c\udf89\ud83d\udef9<\/p>\n<\/div><\/div>\n","protected":false},"excerpt":{"rendered":"<p>Anniversaires Le meilleur cadeau ? Une session entre tes amis ! C\u00e9l\u00e8bre ton anniversaire au Switch Club Reims : une exp\u00e9rience fun et unique pour partager ta passion du skate ou de la trottinette avec tes amis ! Au programme : une session encadr\u00e9e par des riders passionn\u00e9s, des d\u00e9fis adapt\u00e9s \u00e0 tous les niveaux, &hellip; <\/p>\n<p class=\"link-more\"><a href=\"https:\/\/www.switchclubreims.fr\/index.php\/anniversaires\/\" class=\"more-link\">Lire la suite de<span class=\"screen-reader-text\">\u00ab\u00a0Anniversaires\u00a0\u00bb<\/span><\/a><\/p>\n","protected":false},"author":1,"featured_media":0,"parent":0,"menu_order":0,"comment_status":"closed","ping_status":"closed","template":"","meta":{"om_disable_all_campaigns":false,"_monsterinsights_skip_tracking":false,"_monsterinsights_sitenote_active":false,"_monsterinsights_sitenote_note":"","_monsterinsights_sitenote_category":0,"inspiro_hide_title":false,"footnotes":""},"class_list":["post-7044","page","type-page","status-publish","hentry"],"aioseo_notices":[],"featured_media_urls":[],"_links":{"self":[{"href":"https:\/\/www.switchclubreims.fr\/index.php\/wp-json\/wp\/v2\/pages\/7044","targetHints":{"allow":["GET"]}}],"collection":[{"href":"https:\/\/www.switchclubreims.fr\/index.php\/wp-json\/wp\/v2\/pages"}],"about":[{"href":"https:\/\/www.switchclubreims.fr\/index.php\/wp-json\/wp\/v2\/types\/page"}],"author":[{"embeddable":true,"href":"https:\/\/www.switchclubreims.fr\/index.php\/wp-json\/wp\/v2\/users\/1"}],"replies":[{"embeddable":true,"href":"https:\/\/www.switchclubreims.fr\/index.php\/wp-json\/wp\/v2\/comments?post=7044"}],"version-history":[{"count":8,"href":"https:\/\/www.switchclubreims.fr\/index.php\/wp-json\/wp\/v2\/pages\/7044\/revisions"}],"predecessor-version":[{"id":7288,"href":"https:\/\/www.switchclubreims.fr\/index.php\/wp-json\/wp\/v2\/pages\/7044\/revisions\/7288"}],"wp:attachment":[{"href":"https:\/\/www.switchclubreims.fr\/index.php\/wp-json\/wp\/v2\/media?parent=7044"}],"curies":[{"name":"wp","href":"https:\/\/api.w.org\/{rel}","templated":true}]}}